{"id":1046,"date":"2023-02-25T19:33:42","date_gmt":"2023-02-25T18:33:42","guid":{"rendered":"https:\/\/iden3d.com\/spiritualite\/?page_id=1046"},"modified":"2024-03-30T17:35:32","modified_gmt":"2024-03-30T16:35:32","slug":"presentation","status":"publish","type":"page","link":"https:\/\/iden3d.com\/spiritualite-appliquee\/","title":{"rendered":"Pr\u00e9sentation"},"content":{"rendered":"\n<h2 class=\"wp-block-heading\">La voie spirituelle <\/h2>\n\n\n\n<p>Le chemin spirituel qui m&rsquo;a conduit \u00e0 la cr\u00e9ation de ce site est celui des enseignements transmis au travers de la trilogie constitu\u00e9e des ouvrages suivants:<\/p>\n\n\n\n<p>\u2013&nbsp;<a href=\"https:\/\/iden3d.com\/spiritualite-appliquee\/un-cours-en-miracles\/\"><em>Un Cours En Miracles \u00a9<\/em><\/a><\/p>\n\n\n\n<p>\u2013&nbsp;<a href=\"https:\/\/iden3d.com\/spiritualite-appliquee\/un-cours-damour\/\"><em>Un Cours D\u2019Amour \u00a9<\/em><\/a><\/p>\n\n\n\n<p><em>\u2013&nbsp;<a href=\"https:\/\/iden3d.com\/spiritualite-appliquee\/un-voyage-dans-linconnu\/\">Un voyage dans l\u2019inconnu \u00a9<\/a>&nbsp;;&nbsp;<a href=\"https:\/\/iden3d.com\/spiritualite-appliquee\/arrival\/\">Arrival \u00a9<\/a><\/em><\/p>\n\n\n\n<p>Les deux premiers ouvrages (<em>Un Cours En Miracles<\/em> et <em>Un Cours D\u2019Amour<\/em>) posent les bases d\u2019une spiritualit\u00e9 ancr\u00e9e sur le message de J\u00e9sus. Publi\u00e9s initialement en anglais aux Etats-Unis ils sont&nbsp; diffus\u00e9s dans le monde au travers de nombreuses traductions.<\/p>\n\n\n\n<p>La 3\u00e8me s\u00e9rie d\u2019ouvrages (<em>Un voyage dans l\u2019inconnu<\/em> et <em>Arrival<\/em>) s\u2019affiche comme une suite des deux premiers ouvrages. Elle apporte des pistes concr\u00e8tes pour l\u2019application de cette spiritualit\u00e9 dans notre vie dans ce monde.<\/p>\n\n\n\n<h2 class=\"wp-block-heading\">Pourquoi cette voie spirituelle<\/h2>\n\n\n\n<p>Voici pour commencer quelques extraits de l&rsquo;\u00e9pilogue du livre <a href=\"https:\/\/iden3d.com\/spiritualite-appliquee\/un-cours-damour\/\"><em>Un Cours D&rsquo;Amour<\/em><\/a> . Ils expliquent mon d\u00e9sir de partager les enseignements spirituels pr\u00e9sent\u00e9s sur ce site :<\/p>\n\n\n\n<blockquote class=\"wp-block-quote\"><p>E.6  <\/p><p>Attends-toi au ciel sur terre dont nous avons parl\u00e9. Voil\u00e0 ce que c\u2019est. Il n\u2019y aura pas de doutes, pas d\u2019ind\u00e9cisions. Ta voie sera si claire pour toi qu\u2019elle t\u2019appara\u00eetra comme la seule voie au monde, et tu te demanderas pourquoi tu ne l\u2019as pas vue durant tout ce temps. Attends-toi \u00e0 cela.<\/p><p>E.8  <\/p><p>Tu n\u2019as plus d\u2019univers de projections \u00e0 maintenir, mais un univers d\u2019amour \u00e0 appr\u00e9cier et un univers d\u2019amour \u00e0 cr\u00e9er.<\/p><p>E.9  <\/p><p>Tu seras heureux. Tu seras content. Et tu sauras infailliblement comment agir de fa\u00e7on naturelle \u00e0 partir de ton \u00eatre.<\/p><p>E.10 <\/p><p>Tu peux faire tout ce que tu faisais autrefois, ou rien de ce que tu faisais, avec la m\u00eame totale confiance d\u2019\u00eatre. <\/p><p> Tu partageras sans cesse ta joie simplement en te partageant toi-m\u00eame.<\/p><cite><em><a rel=\"noreferrer noopener\" href=\"https:\/\/livre.fnac.com\/a17560495\/Mari-Perron-Un-Cours-d-Amour\" target=\"_blank\">Un Cours D\u2019Amour<\/a><\/em>  de Mari Perron       <br>Editeur: Iggybook<\/cite><\/blockquote>\n\n\n\n<h2 class=\"wp-block-heading\">La d\u00e9couverte de cette voie spirituelle<\/h2>\n\n\n\n<p>Voici quelques \u00e9l\u00e9ments de ce qui m\u2019a conduit vers ce<a href=\"https:\/\/iden3d.com\/spiritualite-appliquee\/le-chemin-spirituel\/\">&nbsp;<em>chemin spirituel<\/em>&nbsp;<\/a>.<\/p>\n\n\n\n<p>De culture chr\u00e9tienne et de formation scientifique, mes points d\u2019entr\u00e9e vers la spiritualit\u00e9 ont \u00e9t\u00e9 les suivants:<\/p>\n\n\n\n<ul><li>mes doutes premiers sur les dogmes des religions qui portent le christianisme. Tolsto\u00ef dans son ouvrage&nbsp;<a rel=\"noreferrer noopener\" href=\"https:\/\/www.amazon.fr\/Ma-religion-L%C3%A9on-Tolsto%C3%AF\/dp\/1511650850\" target=\"_blank\"><em>Ma Religion<\/em><\/a>&nbsp;m\u2019a r\u00e9cemment confort\u00e9 dans ces doutes en mettant en \u00e9vidence la mani\u00e8re dont ces religions se sont appropri\u00e9es le message initial de J\u00e9sus.<\/li><li>j\u2019en \u00e9tais aussi \u00e0 m\u2019interroger comme beaucoup d\u2019entre nous sur le sens de la vie . Rien de tel qu\u2019un ouvrage dont c\u2019est le sous-titre pour rechercher une r\u00e9ponse :&nbsp;<a rel=\"noreferrer noopener\" href=\"https:\/\/play.google.com\/store\/books\/details\/Luc_Ferry_L_homme_Dieu_ou_le_sens_de_la_vie?id=HFgSwaCJbwUC&amp;gl=FR\" target=\"_blank\"><em>L\u2019homme Dieu ou le sens de la vie<\/em>, de Luc Ferry.<\/a> Lire dans cet ouvrage que Dieu est peut-\u00eatre en nous \u00e9tait une piste int\u00e9ressante. Luc Ferry a ensuite confort\u00e9 cette piste au travers de livres plus r\u00e9cents comme \u00ab\u00a0La r\u00e9volution de l&rsquo;amour, Pour une spiritualit\u00e9 la\u00efque\u00a0\u00bb, ou \u00ab\u00a0La vie heureuse. Sagesses anciennes et spiritualit\u00e9 la\u00efque\u00a0\u00bb. <\/li><\/ul>\n\n\n\n<p>La suite logique de ma d\u00e9marche \u00e9tait de trouver des sources de pens\u00e9es similaires ou proches. Au hasard de mes recherches je suis tomb\u00e9 sur le livre spirituel<em><a href=\"https:\/\/iden3d.com\/spiritualite-appliquee\/un-cours-en-miracles\/\">&nbsp;Un Cours En Miracles&nbsp;<\/a><\/em>d\u2019Helen Schucman .<\/p>\n\n\n\n<p>Ce livre (Un Cours En Miracles) m\u2019est apparu un peu abrupte et compliqu\u00e9. J\u2019y ai tout de m\u00eame trouv\u00e9 suffisamment de joyaux pour continuer \u00e0 le lire, \u00e0 essayer de le comprendre et \u00e0 mettre certaines id\u00e9es en application.<\/p>\n\n\n\n<p>Je restais cependant \u00e0 l\u2019aff\u00fbt de tout livre de la m\u00eame veine mais peut-\u00eatre plus facile \u00e0 interpr\u00e9ter et \u00e0 appliquer.&nbsp;<em><a href=\"https:\/\/iden3d.com\/spiritualite-appliquee\/un-cours-damour\/\">Un Cours D\u2019Am<\/a><a href=\"https:\/\/iden3d.com\/spiritualite-appliquee\/un-cours-damour\/\">our<\/a>&nbsp;<\/em>de Mari Perron a largement satisfait mon attente. Il se veut \u00eatre dans la continuit\u00e9 d\u2019<em><a href=\"https:\/\/iden3d.com\/spiritualite-appliquee\/un-cours-en-miracles\/\">Un Cours En Miracles<\/a><\/em> mais il peut \u00eatre lu de mani\u00e8re ind\u00e9pendante. <\/p>\n\n\n\n<p><em>Un Cours D\u2019Amour<\/em> est devenu pour moi une source d\u2019inspiration tr\u00e8s forte dont je voulais partager tous les bienfaits.<\/p>\n\n\n\n<p>J\u2019en \u00e9tais \u00e9tais donc \u00e0 me demander comment mettre davantage en pratique les enseignements d\u2019<em>Un Cours D\u2019Amour<\/em> et comment les partager, lorsque <span style=\"text-decoration: underline\">deux \u00e9v\u00e8nements m\u2019ont conduit \u00e0 r\u00e9orienter mon projet<\/span> :<\/p>\n\n\n\n<h3 class=\"wp-block-heading\">Un \u00ab\u00a0guide d&rsquo;application\u00a0\u00bb d&rsquo;Un Cours D&rsquo;Amour<\/h3>\n\n\n\n<p><span style=\"text-decoration: underline\">Le premier \u00e9v\u00e8nement<\/span> est la d\u00e9couverte r\u00e9cente d\u2019un ouvrage qui se pr\u00e9sente comme une suite d\u2019<em>Un Cours D\u2019Amour<\/em> et d\u2019<em>Un Cours En Miracles<\/em>. <\/p>\n\n\n\n<p>Ce nouvel ouvrage apporte ce qui me manquait:&nbsp; le \u201cmode d\u2019emploi\u201d, le \u201cguide&nbsp;\u00e9clair\u00e9\u201d, la traduction pour la vie dans ce monde. Le tout \u00e0 un niveau de d\u00e9tail, de profondeur et de qualit\u00e9 que je n\u2019aurais jamais pu imaginer.&nbsp; <\/p>\n\n\n\n<p>L&rsquo;ouvrage est diffus\u00e9 sur le WEB sous le nom d\u2019<em><a rel=\"noreferrer noopener\" href=\"http:\/\/journeyhub.cocreatingclarity.org\/\" target=\"_blank\">Un voyage dans l\u2019inconnu<\/a>&nbsp;\u00ab \u00a92020-2021 Richard Curtis Greathouse, A Journey into the Unknown,&nbsp;<a rel=\"noreferrer noopener\" href=\"http:\/\/journeyhub.cocreatingclarity.org\/\" target=\"_blank\">JourneyHub.CoCreatingClarity.org<\/a>&nbsp;\u00bb.&nbsp;&nbsp;<\/em>Le texte fait de nombreuses r\u00e9f\u00e9rences \u00e0 <em>Un Cours D\u2019Amour<\/em>. <\/p>\n\n\n\n<h3 class=\"wp-block-heading\">D\u00e9passer l&rsquo;\u00e9go avant tout<\/h3>\n\n\n\n<p><span style=\"text-decoration: underline\">Le deuxi\u00e8me&nbsp;\u00e9v\u00e8nement<\/span> est celui d\u2019une rencontre avec un \u00e9go tr\u00e8s affirm\u00e9. J\u2019ai alors repris conscience de l\u2019omnipr\u00e9sence de l\u2019\u00e9go dans notre monde et de sa capacit\u00e9 destructrice. Cette rencontre m\u2019a rappel\u00e9 qu\u2019avant toute d\u00e9marche spirituelle nous devons savoir d\u00e9passer notre \u00e9go. Et c\u2019\u00e9tait bien le constat d\u00e9solant de luttes entre \u00e9gos qui avait amen\u00e9 Helen Schucman vers la r\u00e9daction de l\u2019ouvrage spirituel de r\u00e9f\u00e9rence <em>\u201cUn Cours En Miracles\u201d.<\/em><\/p>\n\n\n\n<p>Nous devons donc d&rsquo;abord passer par ces \u00e9tapes de prise de conscience et de d\u00e9passement de l\u2019\u00e9go dans nos relations humaines. <\/p>\n\n\n\n<p><em>Un Cours En Miracles<\/em>&nbsp;est un ma\u00eetre pour atteindre au d\u00e9passement de l&rsquo;\u00e9go. <em>Un Cours d\u2019Amour<\/em> traite aussi cet aspect et sa seule lecture pourrait suffire \u00e0 ceux qui pensent avoir d\u00e9j\u00e0 fait un grand pas dans ce sens.<\/p>\n\n\n\n<h2 class=\"wp-block-heading\">Le chemin spirituel appliqu\u00e9 \u00e0 la vie<\/h2>\n\n\n\n<p>Voil\u00e0 donc r\u00e9sum\u00e9e mon entr\u00e9e dans la spiritualit\u00e9. La seule prise de connaissance de cette spiritualit\u00e9 peut d\u00e9j\u00e0 changer en profondeur notre perception de la vie et notre vie elle-m\u00eame. <\/p>\n\n\n\n<p>Mais on ressent vite le besoin d&rsquo;aller plus loin dans son application \u00e0 notre vie, dans le quotidien ou dans les grandes orientations que nous pouvons lui donner. <\/p>\n\n\n\n<h3 class=\"wp-block-heading\">Une aide \u00e0 la d\u00e9couverte d\u2019<em>Un Cours D\u2019Amour<\/em><\/h3>\n\n\n\n<p>Pour appliquer cette spiritualit\u00e9 dans notre vie il faut bien s\u00fbr commencer par la d\u00e9couvrir et la conna\u00eetre. C&rsquo;est dans cet esprit que je propose la section Blog et la section <a href=\"https:\/\/iden3d.com\/spiritualite-appliquee\/accompagnement\/\"><em>Accompagnement<\/em><\/a>.<\/p>\n\n\n\n<p>Le blog comporte d\u00e9j\u00e0 de nombreux \u00e9l\u00e9ments aidant \u00e0 la d\u00e9couverte d\u2019<em>Un Cours D\u2019Amour<\/em>. Il pourra aussi comporter des \u00e9l\u00e9ments concernant les autres ouvrages du chemin spirituel propos\u00e9 (<em>Un Cours En Miracles<\/em>, <em>Un Voyage dans l\u2019Inconnu<\/em> et <em>Arrival<\/em>) ou d\u2019autres ouvrages tr\u00e8s proches.<\/p>\n\n\n\n<h3 class=\"wp-block-heading\">La spiritualit\u00e9 appliqu\u00e9e, partag\u00e9e sur un forum <\/h3>\n\n\n\n<p>Une grande difficult\u00e9 de la spiritualit\u00e9 r\u00e9side dans son application \u00e0 notre vie. <\/p>\n\n\n\n<p>Cet aspect est l&rsquo;un des objets de la 3\u00e8me s\u00e9rie d&rsquo;ouvrages du chemin spirituel propos\u00e9 (<em><a href=\"https:\/\/iden3d.com\/spiritualite-appliquee\/un-voyage-dans-linconnu\/\">Un voyage dans l\u2019inconnu <\/a><a href=\"https:\/\/iden3d.com\/spiritualite\/un-voyage-dans-linconnu\/\">\u00a9<\/a>&nbsp;;&nbsp;<a href=\"https:\/\/iden3d.com\/spiritualite-appliquee\/arrival\/\">Arrival \u00a9<\/a><\/em>). <\/p>\n\n\n\n<p>Le <a href=\"https:\/\/iden3d.com\/spiritualite\/forum\/\"><em>Forum<\/em><\/a> de ce site vise aussi \u00e0 faciliter la mise en pratique de cette spiritualit\u00e9. Il a pour objectif de susciter des \u00e9changes d\u2019exp\u00e9riences ou de r\u00e9flexions sur l&rsquo;application de cette spiritualit\u00e9 \u00e0 la vie dans notre monde. C\u2019est donc l\u00e0 que je ferai part de mes propres r\u00e9flexions. Elles seront une invitation \u00e0&nbsp;des commentaires ou \u00e0 d\u2019autres r\u00e9flexions. <\/p>\n\n\n\n<hr class=\"wp-block-separator has-alpha-channel-opacity\"\/>\n\n\n\n<p class=\"has-text-align-center\">Bon cheminement sur ce site et dans les ouvrages du&nbsp;<a href=\"https:\/\/iden3d.com\/spiritualite-appliquee\/le-chemin-spirituel-2\/\"><em>chemin spirituel<\/em><\/a>&nbsp;propos\u00e9.<\/p>\n\n\n\n<p>@vivreucda<\/p>\n\n\n\n<div class=\"wp-block-query is-layout-flow wp-block-query-is-layout-flow\">\n\n<\/div>\n","protected":false},"excerpt":{"rendered":"<p>La voie spirituelle Le chemin spirituel qui m&rsquo;a conduit \u00e0 la cr\u00e9ation de ce site est celui des enseignements transmis au travers de la trilogie constitu\u00e9e des ouvrages suivants: \u2013&nbsp;Un Cours En Miracles \u00a9 \u2013&nbsp;Un Cours D\u2019Amour \u00a9 \u2013&nbsp;Un voyage dans l\u2019inconnu \u00a9&nbsp;;&nbsp;Arrival \u00a9 Les deux premiers ouvrages (Un Cours En Miracles et Un Cours [&hellip;]<\/p>\n","protected":false},"author":3,"featured_media":0,"parent":0,"menu_order":1,"comment_status":"closed","ping_status":"closed","template":"","meta":{"footnotes":""},"_links":{"self":[{"href":"https:\/\/iden3d.com\/spiritualite-appliquee\/wp-json\/wp\/v2\/pages\/1046"}],"collection":[{"href":"https:\/\/iden3d.com\/spiritualite-appliquee\/wp-json\/wp\/v2\/pages"}],"about":[{"href":"https:\/\/iden3d.com\/spiritualite-appliquee\/wp-json\/wp\/v2\/types\/page"}],"author":[{"embeddable":true,"href":"https:\/\/iden3d.com\/spiritualite-appliquee\/wp-json\/wp\/v2\/users\/3"}],"replies":[{"embeddable":true,"href":"https:\/\/iden3d.com\/spiritualite-appliquee\/wp-json\/wp\/v2\/comments?post=1046"}],"version-history":[{"count":55,"href":"https:\/\/iden3d.com\/spiritualite-appliquee\/wp-json\/wp\/v2\/pages\/1046\/revisions"}],"predecessor-version":[{"id":1380,"href":"https:\/\/iden3d.com\/spiritualite-appliquee\/wp-json\/wp\/v2\/pages\/1046\/revisions\/1380"}],"wp:attachment":[{"href":"https:\/\/iden3d.com\/spiritualite-appliquee\/wp-json\/wp\/v2\/media?parent=1046"}],"curies":[{"name":"wp","href":"https:\/\/api.w.org\/{rel}","templated":true}]}}