{"id":1198,"date":"2023-03-30T19:38:55","date_gmt":"2023-03-30T17:38:55","guid":{"rendered":"https:\/\/iden3d.com\/spiritualite-appliquee\/?page_id=1198"},"modified":"2024-03-30T17:37:12","modified_gmt":"2024-03-30T16:37:12","slug":"le-chemin-spirituel-2","status":"publish","type":"page","link":"https:\/\/iden3d.com\/spiritualite-appliquee\/le-chemin-spirituel\/le-chemin-spirituel-2\/","title":{"rendered":"Le chemin spirituel"},"content":{"rendered":"\n<p>Le chemin spirituel qui m&rsquo;a conduit \u00e0 la cr\u00e9ation de ce site est celui des enseignements transmis au travers de la trilogie constitu\u00e9e des ouvrages ci-dessous :<br><em>\u2013 <a href=\"https:\/\/iden3d.com\/spiritualite-appliquee\/un-cours-en-miracles\/\">Un Cours En Miracles \u00a9<\/a><\/em><br><a href=\"https:\/\/iden3d.com\/spiritualite-appliquee\/un-cours-damour\/\"><em>\u2013 Un Cours D\u2019Amour \u00a9<\/em><\/a><br><em><a href=\"https:\/\/iden3d.com\/spiritualite-appliquee\/un-voyage-dans-linconnu\/\">\u2013 Un voyage dans l\u2019inconnu \u00a9<\/a><\/em> ; <em><a href=\"https:\/\/iden3d.com\/spiritualite-appliquee\/arrival\/\">Arrival \u00a9<\/a><\/em><br><\/p>\n\n\n\n<p>Les deux premiers ouvrages (Un Cours En Miracles et Un Cours D\u2019Amour) posent les bases d\u2019une spiritualit\u00e9 ancr\u00e9e sur le message de J\u00e9sus (amour inconditionnel, sans jugement). Publi\u00e9s initialement en anglais aux Etats-Unis ils sont diffus\u00e9s dans le monde au travers de nombreuses traductions.<br><\/p>\n\n\n\n<p>La 3\u00e8me s\u00e9rie d\u2019ouvrages (Un voyage dans l\u2019inconnu et Arrival) s\u2019affiche comme une suite des deux premiers ouvrages. Elle apporte des pistes concr\u00e8tes pour l\u2019application de cette spiritualit\u00e9 dans notre vie et dans notre monde.<br><\/p>\n\n\n\n<div class=\"wp-block-group is-layout-flow wp-block-group-is-layout-flow\"><div class=\"wp-block-group__inner-container\">\n<p><strong><span style=\"text-decoration: underline\">R\u00e9f\u00e9rences:<\/span><\/strong><br>\u2013 Un Cours En Miracles \u00a9 de Scribed by Dr. Helen Schucman (Auteur)<\/p>\n\n\n\n<p>\u2013 Un Cours D\u2019Amour \u00a9 Auteur Mari Perron Editeur: Iggybook<\/p>\n\n\n\n<p>\u2013 Un voyage dans l\u2019inconnu \u00a9 ; http:\/\/journeyhub.cocreatingclarity.org\/<br>\u201cCe site Web JourneyHub.CoCreatingClarity.org est le contenant officiel sacr\u00e9 du mat\u00e9riel original complet re\u00e7u du livre A Journey into the Unknown \u00ab Un Voyage dans l\u2019Inconnu \u00bb <\/p>\n\n\n\n<p> \u2013 Arrival \u00a9 2021-2022 Richard Curtis Greathouse, http:\/\/Arrival.CoCreatingClarity.org<\/p>\n<\/div><\/div>\n\n\n\n<div class=\"wp-block-query is-layout-flow wp-block-query-is-layout-flow\">\n\n\n\n<div class=\"wp-block-query-no-results\">\n\n<p><\/p>\n\n<\/div><\/div>\n","protected":false},"excerpt":{"rendered":"<p>Le chemin spirituel qui m&rsquo;a conduit \u00e0 la cr\u00e9ation de ce site est celui des enseignements transmis au travers de la trilogie constitu\u00e9e des ouvrages ci-dessous :\u2013 Un Cours En Miracles \u00a9\u2013 Un Cours D\u2019Amour \u00a9\u2013 Un voyage dans l\u2019inconnu \u00a9 ; Arrival \u00a9 Les deux premiers ouvrages (Un Cours En Miracles et Un Cours [&hellip;]<\/p>\n","protected":false},"author":3,"featured_media":0,"parent":801,"menu_order":0,"comment_status":"closed","ping_status":"closed","template":"","meta":{"footnotes":""},"_links":{"self":[{"href":"https:\/\/iden3d.com\/spiritualite-appliquee\/wp-json\/wp\/v2\/pages\/1198"}],"collection":[{"href":"https:\/\/iden3d.com\/spiritualite-appliquee\/wp-json\/wp\/v2\/pages"}],"about":[{"href":"https:\/\/iden3d.com\/spiritualite-appliquee\/wp-json\/wp\/v2\/types\/page"}],"author":[{"embeddable":true,"href":"https:\/\/iden3d.com\/spiritualite-appliquee\/wp-json\/wp\/v2\/users\/3"}],"replies":[{"embeddable":true,"href":"https:\/\/iden3d.com\/spiritualite-appliquee\/wp-json\/wp\/v2\/comments?post=1198"}],"version-history":[{"count":4,"href":"https:\/\/iden3d.com\/spiritualite-appliquee\/wp-json\/wp\/v2\/pages\/1198\/revisions"}],"predecessor-version":[{"id":1383,"href":"https:\/\/iden3d.com\/spiritualite-appliquee\/wp-json\/wp\/v2\/pages\/1198\/revisions\/1383"}],"up":[{"embeddable":true,"href":"https:\/\/iden3d.com\/spiritualite-appliquee\/wp-json\/wp\/v2\/pages\/801"}],"wp:attachment":[{"href":"https:\/\/iden3d.com\/spiritualite-appliquee\/wp-json\/wp\/v2\/media?parent=1198"}],"curies":[{"name":"wp","href":"https:\/\/api.w.org\/{rel}","templated":true}]}}