{"id":480,"date":"2022-10-13T09:42:16","date_gmt":"2022-10-13T07:42:16","guid":{"rendered":"https:\/\/iden3d.com\/ucda\/?page_id=480"},"modified":"2023-04-16T05:18:43","modified_gmt":"2023-04-16T03:18:43","slug":"glossaire","status":"publish","type":"page","link":"https:\/\/iden3d.com\/spiritualite-appliquee\/le-chemin-spirituel\/le-chemin-spirituel-2\/un-cours-damour\/recueil-dextraits-dun-cours-damour\/glossaire\/","title":{"rendered":"Glossaire"},"content":{"rendered":"\n<p><mark><em><mark><mark style=\"background-color:rgba(0, 0, 0, 0)\" class=\"has-inline-color has-vivid-red-color\">Avertissement:<\/mark><\/mark> <\/em><\/mark>Le livre\u00a0Un Cours D\u2019Amour\u00a0est une r\u00e9f\u00e9rence indispensable pour retrouver le contexte et le sens originel de chaque message transmis. Les extraits propos\u00e9s ici sont donc r\u00e9f\u00e9renc\u00e9s de mani\u00e8re \u00e0 pouvoir retrouver facilement le texte dont ils sont issus. Le syst\u00e8me de renvoi utilis\u00e9 est celui recommand\u00e9 \u00e0 la fin du livre\u00a0Un Cours D\u2019Amour\u00a0au\u00a0chapitre \u201cSyst\u00e8mes de renvois\u201d, rappel\u00e9 \u00e9galement <a href=\"https:\/\/iden3d.com\/spiritualite-appliquee\/recueil-dextraits-choisis-dun-cours-damour\/\">ici<\/a>.<\/p>\n\n\n\n<div style=\"height:100px\" aria-hidden=\"true\" class=\"wp-block-spacer\"><\/div>\n\n\n\n<p><\/p>\n\n\n\n<p>Certains mots du registre spirituel ou religieux se retrouvent tr\u00e8s souvent dans le livre  : Dieu, Christ, Saint-Esprit, \u2026 . On donne ci-dessous des extraits du cours qui les explicitent. <\/p>\n\n\n\n<h2 class=\"has-vivid-cyan-blue-color has-text-color wp-block-heading\">Dieu<\/h2>\n\n\n\n<p> Dans le cours, son existence est une \u00e9vidence : C:30.13<em> Sans notre Source, qui est Dieu, nous ne serions pas.<\/em> <\/p>\n\n\n\n<p>Le cours lui donne comme attribut principal l&rsquo;amour. On lira ainsi dans le livre que : P.34<em> Le contenu de Dieu est l\u2019amour, <\/em>ou aussi C:1.4<em> La seule pens\u00e9e de Dieu est amour<\/em> et C:30.12<em>&nbsp;Les lois de Dieu sont les lois de l\u2019Amour<\/em>. <\/p>\n\n\n\n<h2 class=\"has-vivid-cyan-blue-color has-text-color wp-block-heading\">Christ<\/h2>\n\n\n\n<p>C:P.7<\/p>\n\n\n\n<p>Le Christ en toi est ce qui est capable d\u2019apprendre sous forme humaine ce que cela veut dire d\u2019\u00eatre un enfant de Dieu. <\/p>\n\n\n\n<p>T2:6.10<\/p>\n\n\n\n<p>Souviens-toi que le Fils de Dieu, ainsi que le nom Christ, repr\u00e9sentent simplement la cr\u00e9ation originale et ne doivent pas \u00eatre confondus avec des divinit\u00e9s c\u00e9lestes s\u00e9par\u00e9es de toi. Le Christ est ton Soi, tel que tu fus cr\u00e9\u00e9 et tel que tu demeures. Le Christ est le Soi accompli.<\/p>\n\n\n\n<h2 class=\"has-vivid-cyan-blue-color has-text-color wp-block-heading\">La pri\u00e8re<\/h2>\n\n\n\n<p>T1:6.2<\/p>\n\n\n\n<p>la pri\u00e8re consiste simplement \u00e0 reproduire et \u00e0 se rappeler un souvenir divin, et le souvenir divin ne peut faire autrement que de produire un r\u00e9sultat divin.<\/p>\n\n\n\n<p>T1:6.3<\/p>\n\n\n\n<p>La pri\u00e8re doit donc \u00eatre red\u00e9finie comme \u00e9tant l\u2019acte de choisir consciemment l\u2019union.<\/p>\n\n\n\n<p>T1:6.6<\/p>\n\n\n\n<p>La vraie pri\u00e8re, form\u00e9e dans l\u2019union, est un moyen de cr\u00e9er, de se rappeler un souvenir divin, et de transformer ce souvenir divin en exp\u00e9rience pr\u00e9sente.<\/p>\n\n\n\n<h2 class=\"has-vivid-cyan-blue-color has-text-color wp-block-heading\">Le c\u0153ur<\/h2>\n\n\n\n<p>C:1.1<\/p>\n\n\n\n<p>D\u00e9finissons le c\u0153ur comme le centre de l\u2019\u00eatre, ce lieu d\u2019o\u00f9 viennent tous les sentiments.<\/p>\n\n\n\n<p><\/p>\n","protected":false},"excerpt":{"rendered":"<p>Avertissement: Le livre\u00a0Un Cours D\u2019Amour\u00a0est une r\u00e9f\u00e9rence indispensable pour retrouver le contexte et le sens originel de chaque message transmis. Les extraits propos\u00e9s ici sont donc r\u00e9f\u00e9renc\u00e9s de mani\u00e8re \u00e0 pouvoir retrouver facilement le texte dont ils sont issus. Le syst\u00e8me de renvoi utilis\u00e9 est celui recommand\u00e9 \u00e0 la fin du livre\u00a0Un Cours D\u2019Amour\u00a0au\u00a0chapitre \u201cSyst\u00e8mes [&hellip;]<\/p>\n","protected":false},"author":1,"featured_media":0,"parent":290,"menu_order":1,"comment_status":"closed","ping_status":"closed","template":"","meta":{"footnotes":""},"_links":{"self":[{"href":"https:\/\/iden3d.com\/spiritualite-appliquee\/wp-json\/wp\/v2\/pages\/480"}],"collection":[{"href":"https:\/\/iden3d.com\/spiritualite-appliquee\/wp-json\/wp\/v2\/pages"}],"about":[{"href":"https:\/\/iden3d.com\/spiritualite-appliquee\/wp-json\/wp\/v2\/types\/page"}],"author":[{"embeddable":true,"href":"https:\/\/iden3d.com\/spiritualite-appliquee\/wp-json\/wp\/v2\/users\/1"}],"replies":[{"embeddable":true,"href":"https:\/\/iden3d.com\/spiritualite-appliquee\/wp-json\/wp\/v2\/comments?post=480"}],"version-history":[{"count":21,"href":"https:\/\/iden3d.com\/spiritualite-appliquee\/wp-json\/wp\/v2\/pages\/480\/revisions"}],"predecessor-version":[{"id":1252,"href":"https:\/\/iden3d.com\/spiritualite-appliquee\/wp-json\/wp\/v2\/pages\/480\/revisions\/1252"}],"up":[{"embeddable":true,"href":"https:\/\/iden3d.com\/spiritualite-appliquee\/wp-json\/wp\/v2\/pages\/290"}],"wp:attachment":[{"href":"https:\/\/iden3d.com\/spiritualite-appliquee\/wp-json\/wp\/v2\/media?parent=480"}],"curies":[{"name":"wp","href":"https:\/\/api.w.org\/{rel}","templated":true}]}}