{"id":590,"date":"2022-10-19T18:23:32","date_gmt":"2022-10-19T16:23:32","guid":{"rendered":"https:\/\/iden3d.com\/ucda\/?page_id=590"},"modified":"2023-04-16T04:39:55","modified_gmt":"2023-04-16T02:39:55","slug":"les-traites-addendum","status":"publish","type":"page","link":"https:\/\/iden3d.com\/spiritualite-appliquee\/le-chemin-spirituel\/le-chemin-spirituel-2\/un-cours-damour\/recueil-dextraits-dun-cours-damour\/extraits-dun-cours-damour-2-les-traites\/les-traites-addendum\/","title":{"rendered":"Les trait\u00e9s &#8211; Addendum"},"content":{"rendered":"\n<p><mark style=\"background-color:rgba(0, 0, 0, 0)\" class=\"has-inline-color has-vivid-red-color\"><em>Avertissement: <\/em><\/mark>Le livre\u00a0Un Cours D\u2019Amour\u00a0est une r\u00e9f\u00e9rence indispensable pour retrouver le contexte et le sens originel de chaque message transmis. Les extraits propos\u00e9s ici sont donc r\u00e9f\u00e9renc\u00e9s de mani\u00e8re \u00e0 pouvoir retrouver facilement le texte dont ils sont issus. Le syst\u00e8me de renvoi utilis\u00e9 est celui recommand\u00e9 \u00e0 la fin du livre\u00a0Un Cours D\u2019Amour\u00a0au\u00a0chapitre \u201cSyst\u00e8mes de renvois\u201d, rappel\u00e9 \u00e9galement<a href=\"https:\/\/iden3d.com\/spiritualite\/recueil-dextraits-choisis-dun-cours-damour\/\">\u00a0<\/a><a href=\"https:\/\/iden3d.com\/spiritualite-appliquee\/recueil-dextraits-choisis-dun-cours-damour\/\"><a href=\"https:\/\/iden3d.com\/spiritualite-appliquee\/recueil-dextraits-choisis-dun-cours-damour\/\"><a href=\"https:\/\/iden3d.com\/spiritualite-appliquee\/recueil-dextraits-choisis-dun-cours-damour\/\">ici<\/a><\/a><\/a>.<\/p>\n\n\n\n<h2 class=\"has-vivid-cyan-blue-color has-text-color wp-block-heading\">Apprendre au temps du Christ \u2013 II<\/h2>\n\n\n\n<p>T:A.26<\/p>\n\n\n\n<p>Le prochain niveau apporte les m\u00eames situations que le lecteur a rencontr\u00e9es quand il recevait le Cours, mais il les rencontrera maintenant dans sa vie.<\/p>\n\n\n\n<p>T:A.27<\/p>\n\n\n\n<p>Ceux qui commencent \u00e0 exp\u00e9rimenter la vie d\u2019une nouvelle fa\u00e7on commencent \u00e0 d\u00e9couvrir les mod\u00e8les de pens\u00e9e et de comportement les plus profond\u00e9ment enracin\u00e9s en eux. Ils ont besoin d\u2019aide !<\/p>\n\n\n\n<p>T:A.29<\/p>\n\n\n\n<p>ce qui sera r\u00e9v\u00e9l\u00e9 par le partage est que, m\u00eame si les exp\u00e9riences peuvent varier grandement et sembler offrir des situations d\u2019 \u00abapprentissage \u00bb tr\u00e8s diverses, les individus arrivent en fait \u00e0 de nombreuses intuitions et v\u00e9rit\u00e9s tr\u00e8s semblables.<\/p>\n\n\n\n<p>T:A.32<\/p>\n\n\n\n<p>Aider chacun \u00e0 reconna\u00eetre ses mod\u00e8les habituels est \u00e9galement un service pr\u00e9cieux que peuvent rendre les animateurs ou les autres membres du groupe. Les mod\u00e8les enracin\u00e9s du pass\u00e9 sont difficiles \u00e0 d\u00e9loger m\u00eame apr\u00e8s qu\u2019on les a reconnus.<\/p>\n\n\n\n<p>Au fur et \u00e0 mesure que sont abandonn\u00e9s les vieux mod\u00e8les et situations qui semblaient pr\u00e9senter tellement de danger, les nuages du d\u00e9sespoir se dissipent un \u00e0 un, les t\u00e9n\u00e8bres reculent et un peu plus de lumi\u00e8re appara\u00eet pour montrer la voie.<\/p>\n\n\n\n<p>T:A.34<\/p>\n\n\n\n<p>Rappelez-leur que le but est atteint quand ils sont enfin qui ils sont.<\/p>\n","protected":false},"excerpt":{"rendered":"<p>Avertissement: Le livre\u00a0Un Cours D\u2019Amour\u00a0est une r\u00e9f\u00e9rence indispensable pour retrouver le contexte et le sens originel de chaque message transmis. Les extraits propos\u00e9s ici sont donc r\u00e9f\u00e9renc\u00e9s de mani\u00e8re \u00e0 pouvoir retrouver facilement le texte dont ils sont issus. Le syst\u00e8me de renvoi utilis\u00e9 est celui recommand\u00e9 \u00e0 la fin du livre\u00a0Un Cours D\u2019Amour\u00a0au\u00a0chapitre \u201cSyst\u00e8mes [&hellip;]<\/p>\n","protected":false},"author":1,"featured_media":0,"parent":408,"menu_order":4,"comment_status":"closed","ping_status":"closed","template":"","meta":{"footnotes":""},"_links":{"self":[{"href":"https:\/\/iden3d.com\/spiritualite-appliquee\/wp-json\/wp\/v2\/pages\/590"}],"collection":[{"href":"https:\/\/iden3d.com\/spiritualite-appliquee\/wp-json\/wp\/v2\/pages"}],"about":[{"href":"https:\/\/iden3d.com\/spiritualite-appliquee\/wp-json\/wp\/v2\/types\/page"}],"author":[{"embeddable":true,"href":"https:\/\/iden3d.com\/spiritualite-appliquee\/wp-json\/wp\/v2\/users\/1"}],"replies":[{"embeddable":true,"href":"https:\/\/iden3d.com\/spiritualite-appliquee\/wp-json\/wp\/v2\/comments?post=590"}],"version-history":[{"count":4,"href":"https:\/\/iden3d.com\/spiritualite-appliquee\/wp-json\/wp\/v2\/pages\/590\/revisions"}],"predecessor-version":[{"id":1240,"href":"https:\/\/iden3d.com\/spiritualite-appliquee\/wp-json\/wp\/v2\/pages\/590\/revisions\/1240"}],"up":[{"embeddable":true,"href":"https:\/\/iden3d.com\/spiritualite-appliquee\/wp-json\/wp\/v2\/pages\/408"}],"wp:attachment":[{"href":"https:\/\/iden3d.com\/spiritualite-appliquee\/wp-json\/wp\/v2\/media?parent=590"}],"curies":[{"name":"wp","href":"https:\/\/api.w.org\/{rel}","templated":true}]}}