{"id":719,"date":"2022-10-22T12:00:18","date_gmt":"2022-10-22T10:00:18","guid":{"rendered":"https:\/\/iden3d.com\/ucda\/?page_id=719"},"modified":"2023-04-16T04:50:01","modified_gmt":"2023-04-16T02:50:01","slug":"epilogue","status":"publish","type":"page","link":"https:\/\/iden3d.com\/spiritualite-appliquee\/le-chemin-spirituel\/le-chemin-spirituel-2\/un-cours-damour\/recueil-dextraits-dun-cours-damour\/epilogue\/","title":{"rendered":"Epilogue"},"content":{"rendered":"\n<p><mark><em><mark><mark style=\"background-color:rgba(0, 0, 0, 0)\" class=\"has-inline-color has-vivid-red-color\">Avertissement:<\/mark><\/mark> <\/em><\/mark>Le livre\u00a0Un Cours D\u2019Amour\u00a0est une r\u00e9f\u00e9rence indispensable pour retrouver le contexte et le sens originel de chaque message transmis. Les extraits propos\u00e9s ici sont donc r\u00e9f\u00e9renc\u00e9s de mani\u00e8re \u00e0 pouvoir retrouver facilement le texte dont ils sont issus. Le syst\u00e8me de renvoi utilis\u00e9 est celui recommand\u00e9 \u00e0 la fin du livre\u00a0Un Cours D\u2019Amour\u00a0au\u00a0chapitre \u201cSyst\u00e8mes de renvois\u201d, rappel\u00e9 \u00e9galement <a href=\"https:\/\/iden3d.com\/spiritualite-appliquee\/recueil-dextraits-choisis-dun-cours-damour\/\">ici<\/a>.<\/p>\n\n\n\n<h2 class=\"has-vivid-cyan-blue-color has-text-color wp-block-heading\">Une note sur \u00eatre<\/h2>\n\n\n\n<p>E.1<\/p>\n\n\n\n<p>Ah ! Imagine maintenant ce que ce sera de n\u2019avoir plus rien \u00e0 apprendre, plus rien \u00e0 devenir. La pression a disparu. L\u2019alchimie a eu lieu. Le charbon est devenu diamant. Ah ! Imagine maintenant pouvoir oublier toutes les id\u00e9es de d\u00e9veloppement personnel, imagine combien de temps tu gagneras en mettant fin \u00e0 cette qu\u00eate. Mais maintenant que feras-tu ? Maintenant que seras-tu ?<\/p>\n\n\n\n<p>E.6<\/p>\n\n\n\n<p>Ta voie sera si claire pour toi qu\u2019elle t\u2019appara\u00eetra comme la seule voie au monde,<\/p>\n\n\n\n<p>E.7<\/p>\n\n\n\n<p>Tu cr\u00e9eras ce qui sera par l\u2019extension de l\u2019amour. C\u2019est tout.<\/p>\n\n\n\n<p>E.8<\/p>\n\n\n\n<p>Tu n\u2019as plus d\u2019univers de projections \u00e0 maintenir, mais un univers d\u2019amour \u00e0 appr\u00e9cier et un univers d\u2019amour \u00e0 cr\u00e9er.<\/p>\n\n\n\n<p>E.10<\/p>\n\n\n\n<p>Tu peux faire tout ce que tu faisais autrefois, ou rien de ce que tu faisais, avec la m\u00eame totale confiance d\u2019\u00eatre.<\/p>\n\n\n\n<p>E.11<\/p>\n\n\n\n<p>Laisse cette r\u00e9v\u00e9lation venir \u00e0 toi. Tout ce que tu as besoin de faire est de t\u2019attendre \u00e0 ce qu\u2019elle vienne et elle viendra.<\/p>\n\n\n\n<p>E.13<\/p>\n\n\n\n<p>Ce que tu \u00ab r\u00e9alises \u00bb maintenant, tu le \u00ab rends r\u00e9el \u00bb vraiment, puisque ton \u00eatre applique l\u2019extension de l\u2019amour \u00e0 tout ce avec quoi tu entres en relation.<\/p>\n\n\n\n<p>E.14<\/p>\n\n\n\n<p>Tu n\u2019auras plus besoin de \u00ab r\u00e9fl\u00e9chir \u00bb \u00e0 qui tu es et \u00e0 ce que tu feras,<\/p>\n\n\n\n<p>E.20<\/p>\n\n\n\n<p>Laisse derri\u00e8re toi toutes notions d\u2019\u00eatre meilleur, plus intelligent, plus gentil, plus aimable. R\u00e9alise que c\u2019\u00e9taient des pens\u00e9es et notions de devenir.<\/p>\n\n\n\n<p>E.21<\/p>\n\n\n\n<p>Si tu poss\u00e8des encore certaines choses que tu consid\u00e8res comme des d\u00e9fauts de caract\u00e8re ou des travers, oublie-les maintenant. Dans l\u2019\u00eatre, ils seront \u00e0 toi ou ne le seront pas. Tu seras heureux d\u2019avoir ces aspects de ton humanit\u00e9, ou tu n\u2019en seras pas heureux et ils dispara\u00eetront.<\/p>\n\n\n\n<p>E.25<\/p>\n\n\n\n<p>Cette seule note, cette tonalit\u00e9, ce cantique de joie, ce joyeux all\u00e9luia, c\u2019est tout ce \u00e0 quoi tu dois faire retour, tout ce que tu dois garder sous la main si le doute devait surgir. Cette seule note est si pleine d\u2019amour et si puissante qu\u2019elle te sera ch\u00e8re \u00e0 jamais.<\/p>\n\n\n\n<p>E.26<\/p>\n\n\n\n<p>Tu te rappelleras, tr\u00e8s vite, en la relisant durant les brefs moments o\u00f9 le doute passera, \u00e0 quel point tu es diff\u00e9rent maintenant.<\/p>\n\n\n\n<p>E.29<\/p>\n\n\n\n<p>R\u00e9jouis-toi qu\u2019il n\u2019y ait pas de fin \u00e0 cette route sur laquelle tu voyages maintenant. C\u2019est simplement la route de ce qui cr\u00e9e interminablement \u00e0 sa propre image.<\/p>\n\n\n\n<p>E.30<\/p>\n\n\n\n<p>Tu sais maintenant comment r\u00e9pondre \u00e0 l\u2019amour, car tu es l\u2019amour, \u00e9tant.<\/p>\n","protected":false},"excerpt":{"rendered":"<p>Avertissement: Le livre\u00a0Un Cours D\u2019Amour\u00a0est une r\u00e9f\u00e9rence indispensable pour retrouver le contexte et le sens originel de chaque message transmis. Les extraits propos\u00e9s ici sont donc r\u00e9f\u00e9renc\u00e9s de mani\u00e8re \u00e0 pouvoir retrouver facilement le texte dont ils sont issus. Le syst\u00e8me de renvoi utilis\u00e9 est celui recommand\u00e9 \u00e0 la fin du livre\u00a0Un Cours D\u2019Amour\u00a0au\u00a0chapitre \u201cSyst\u00e8mes [&hellip;]<\/p>\n","protected":false},"author":1,"featured_media":0,"parent":290,"menu_order":5,"comment_status":"closed","ping_status":"closed","template":"","meta":{"footnotes":""},"_links":{"self":[{"href":"https:\/\/iden3d.com\/spiritualite-appliquee\/wp-json\/wp\/v2\/pages\/719"}],"collection":[{"href":"https:\/\/iden3d.com\/spiritualite-appliquee\/wp-json\/wp\/v2\/pages"}],"about":[{"href":"https:\/\/iden3d.com\/spiritualite-appliquee\/wp-json\/wp\/v2\/types\/page"}],"author":[{"embeddable":true,"href":"https:\/\/iden3d.com\/spiritualite-appliquee\/wp-json\/wp\/v2\/users\/1"}],"replies":[{"embeddable":true,"href":"https:\/\/iden3d.com\/spiritualite-appliquee\/wp-json\/wp\/v2\/comments?post=719"}],"version-history":[{"count":6,"href":"https:\/\/iden3d.com\/spiritualite-appliquee\/wp-json\/wp\/v2\/pages\/719\/revisions"}],"predecessor-version":[{"id":1247,"href":"https:\/\/iden3d.com\/spiritualite-appliquee\/wp-json\/wp\/v2\/pages\/719\/revisions\/1247"}],"up":[{"embeddable":true,"href":"https:\/\/iden3d.com\/spiritualite-appliquee\/wp-json\/wp\/v2\/pages\/290"}],"wp:attachment":[{"href":"https:\/\/iden3d.com\/spiritualite-appliquee\/wp-json\/wp\/v2\/media?parent=719"}],"curies":[{"name":"wp","href":"https:\/\/api.w.org\/{rel}","templated":true}]}}