{"id":722,"date":"2022-10-22T12:01:59","date_gmt":"2022-10-22T10:01:59","guid":{"rendered":"https:\/\/iden3d.com\/ucda\/?page_id=722"},"modified":"2023-04-16T04:51:09","modified_gmt":"2023-04-16T02:51:09","slug":"dialogue-devoile","status":"publish","type":"page","link":"https:\/\/iden3d.com\/spiritualite-appliquee\/le-chemin-spirituel\/le-chemin-spirituel-2\/un-cours-damour\/recueil-dextraits-dun-cours-damour\/dialogue-devoile\/","title":{"rendered":"Dialogue D\u00e9voil\u00e9"},"content":{"rendered":"\n<p>Re\u00e7u par Mari Perron en 2002<\/p>\n\n\n\n<p><mark><em><mark><mark style=\"background-color:rgba(0, 0, 0, 0)\" class=\"has-inline-color has-vivid-red-color\">Avertissement:<\/mark><\/mark> <\/em><\/mark>Le livre\u00a0Un Cours D\u2019Amour\u00a0est une r\u00e9f\u00e9rence indispensable pour retrouver le contexte et le sens originel de chaque message transmis. Les extraits propos\u00e9s ici sont donc r\u00e9f\u00e9renc\u00e9s de mani\u00e8re \u00e0 pouvoir retrouver facilement le texte dont ils sont issus. Le syst\u00e8me de renvoi utilis\u00e9 est celui recommand\u00e9 \u00e0 la fin du livre\u00a0Un Cours D\u2019Amour\u00a0au\u00a0chapitre \u201cSyst\u00e8mes de renvois\u201d, rappel\u00e9 \u00e9galement <a href=\"https:\/\/iden3d.com\/spiritualite-appliquee\/recueil-dextraits-choisis-dun-cours-damour\/\">ici<\/a>.<\/p>\n\n\n\n<p>DD.3<\/p>\n\n\n\n<p>Le flux libre du dialogue est comme un courant d\u2019eau sans entrave. L\u2019action non entrav\u00e9e, l\u2019action sans obstacle, est un mouvement non restreint et en harmonie avec l\u2019\u00eatre et l\u2019expression. <\/p>\n\n\n\n<p>DD.4<\/p>\n\n\n\n<p>L\u2019acceptation fait sauter les barrages de la restriction et lib\u00e8re le flux.<\/p>\n\n\n\n<p>DD.13<\/p>\n\n\n\n<p>Tu ne peux pas \u00eatre autre chose en limitant ta nature. Tu peux agir comme si tu \u00e9tais autre chose. Cette action d\u2019agir comme si tu \u00e9tais autre chose est l\u2019ego.<\/p>\n\n\n\n<p>DD.15<\/p>\n\n\n\n<p>L\u2019homme qui ne conna\u00eet pas l\u2019amour suit des instincts contre-nature pour la survie de son ego. Il est donc n\u00e9cessaire pour l\u2019ego humain d\u2019avoir des restrictions, les restrictions m\u00eames qui perp\u00e9tuent l\u2019ego.<\/p>\n\n\n\n<p>DD.16<\/p>\n\n\n\n<p>L\u2019esprit humain qui conna\u00eet l\u2019amour n\u2019a pas besoin de restrictions. L\u2019esprit humain qui conna\u00eet l\u2019amour a plut\u00f4t besoin d\u2019\u00eatre d\u00e9brid\u00e9.<\/p>\n\n\n\n<p>DD.17<\/p>\n\n\n\n<p>C\u2019est l\u2019acte m\u00eame de restreindre, impos\u00e9 \u00e0 la fois en dedans et au dehors, qui a provoqu\u00e9 la naissance de l\u2019ego, c\u2019est-\u00e0-dire le faux soi ou l\u2019imitation.<\/p>\n\n\n\n<p>DD.20<\/p>\n\n\n\n<p>Peu ont vu les r\u00f4les comme des barri\u00e8res, les agendas comme des restrictions, les objectifs comme une non-acceptation de ce qui est, les d\u00e9saccords comme des jugements. Comment peut-on fonctionner sans limites de temps, d\u2019horaires, d\u2019animateurs et de participants ?<\/p>\n\n\n\n<p>DD.25<\/p>\n\n\n\n<p>Ce sont des questions s\u00e9rieuses, et les r\u00e9ponses n\u00e9gatives ne doivent pas \u00eatre ni\u00e9es.<\/p>\n\n\n\n<p>C\u2019est une t\u00e2che colossale, une t\u00e2che qui ne peut \u00eatre abord\u00e9e par le travail acharn\u00e9 ou l\u2019effort. Comme telle, c\u2019est la t\u00e2che qui commencera \u00e0 briser ton attachement au travail acharn\u00e9 et \u00e0 l\u2019effort.<\/p>\n\n\n\n<p>Tu dois pratiquer cette facilit\u00e9 afin de d\u00e9couvrir la facilit\u00e9 qui d\u00e9coulera de la rupture de ton attachement au travail acharn\u00e9 et \u00e0 l\u2019effort. Ton attachement \u00e0 des buts et \u00e0 des objectifs est le m\u00eame ; un attachement \u00e0 l\u2019effort et un d\u00e9ni de ton accomplissement.<\/p>\n\n\n\n<p>DD.26<\/p>\n\n\n\n<p>Un rejet radical de l\u2019ancien mod\u00e8le est maintenant n\u00e9cessaire. La confiance dans le soi de la forme n\u2019\u00e9mergera pas des vieux mod\u00e8les, mais du nouveau mod\u00e8le.<\/p>\n\n\n\n<p>DD.27<\/p>\n\n\n\n<p>Quand tu cesses de te restreindre, tu es naturellement gentil et aimant envers toi-m\u00eame, tu te sens libre et expansif. Quand tu cesses de nier comment tu te sens, le soulagement et la gratitude te comblent. Lorsque tu cesses d\u2019\u00e9riger des barri\u00e8res, tu cesses de te sentir s\u00e9par\u00e9. Lorsque tu cesses de juger, tu es en paix avec tes sentiments de tristesse et de col\u00e8re, autant que tu peux l\u2019\u00eatre avec tes sentiments de joie et d\u2019harmonie.<\/p>\n\n\n\n<p>DD.28<\/p>\n\n\n\n<p>Il n\u2019est demand\u00e9 \u00e0 personne de ne pas \u00e9lever de barri\u00e8res dans un environnement apeurant, mais la peur diminue \u00e0 mesure que ton dialogue interne s\u2019ajuste \u00e0 la nouvelle exp\u00e9rience. Or il t\u2019est demand\u00e9 de d\u00e9couvrir un environnement sans peur, un environnement dans lequel tu te sens capable de mettre de c\u00f4t\u00e9 la peur d\u2019\u00eatre toi-m\u00eame. Cela peut \u00eatre facile pour certains et plus difficile pour d\u2019autres. Il se peut que tu te sentes capable de prendre place au sein d\u2019un groupe, ou peut-\u00eatre pas. Ce n\u2019est pas le temps \u00e0 pr\u00e9sent de nier les sensations d\u2019inconfort soulev\u00e9es par les questions ci-dessus, de te sentir rejet\u00e9 ou de craindre de rejeter les autres parce que tu sais intuitivement ce qu\u2019ils sont. La premi\u00e8re \u00e9tape du processus est l\u2019honn\u00eatet\u00e9. L\u2019honn\u00eatet\u00e9 d\u2019accepter ce que toi-m\u00eame tu ressens est souvent une plus grande r\u00e9v\u00e9lation pour toi que pour les autres.<\/p>\n\n\n\n<p>DD.29<\/p>\n\n\n\n<p>Ce n\u2019est pas un temps pour entrer dans un travail acharn\u00e9 afin de surmonter les peurs ou l\u2019inconfort, mais bien un temps pour d\u00e9couvrir un lieu s\u00fbr o\u00f9 ces choses n\u2019existent pas. Ce sera une joyeuse d\u00e9couverte.<\/p>\n\n\n\n<p>DD.30<\/p>\n\n\n\n<p>Une fois qu\u2019un premier lieu de s\u00e9curit\u00e9 (l\u00e0 o\u00f9 deux ou plus se sont joints et sont pr\u00eats \u00e0 \u00eatre des bassins limpides) est trouv\u00e9, la pratique commence, et ce sera joyeux.<\/p>\n\n\n\n<p>DD.31<\/p>\n\n\n\n<p>C\u2019est le travail du dialogue ; le mouvement et l\u2019expression de l\u2019\u00eatre. Cela doit te bousculer et t\u2019affecter afin de permettre \u00e0 ton c\u0153ur de ressentir, de s\u2019ouvrir, de crier, de chanter. Cela doit \u00eatre inspir\u00e9 et permettre \u00e0 ta propre sagesse et aux id\u00e9es de s\u2019\u00e9couler librement, de leur donner une voix, de partager. C\u2019est \u00eatre \u00e0 l\u2019\u00e9coute, comme un r\u00e9ceptacle, recevoir ce qui se d\u00e9verse des autres sans \u00e9mettre de jugements. C\u2019est recevoir l\u2019\u00e9nergie r\u00e9elle d\u2019autrui, sentir la connexion, permettre le d\u00e9versement dans un seul bassin et laisser le bassin t\u2019amener dans des directions impr\u00e9vues.<\/p>\n\n\n\n<p>DD.34<\/p>\n\n\n\n<p>C\u2019est renoncer \u00e0 l\u2019id\u00e9e d\u2019une connaissance \u00e0 acqu\u00e9rir et \u00e0 exploiter.<\/p>\n\n\n\n<p>Tu verras que l\u2019approche du dur labeur et d\u2019\u00eatre bon, qui menait \u00e0 acqu\u00e9rir un statut et des r\u00e9compenses, \u00e9tait toujours fausse,<\/p>\n\n\n\n<p>DD.36<\/p>\n\n\n\n<p>En d\u2019autres termes, tu r\u00e9aliseras que ta pr\u00e9d\u00e9termination de la fa\u00e7on dont les choses \u00ab devraient \u00bb \u00eatre a \u00e9t\u00e9 ta plus grande restriction lorsqu\u2019il s\u2019agit d\u2019appr\u00e9hender ce qui est, et aussi ta plus grande source de d\u00e9ception. Tu pourras aussi r\u00e9aliser combien de fois tu es naturellement joyeux, compatissant, gentil et plein de sagesse quand tu es pr\u00e9sent \u00e0 ce qui est, plut\u00f4t que de souhaiter que les choses soient autrement que ce qu\u2019elles sont.<\/p>\n\n\n\n<p>DD.37<\/p>\n\n\n\n<p>Lorsque tu es un \u00eatre aimant, tu ne ressens plus le besoin d\u2019agir sans cesse de fa\u00e7on aimante. L\u2019amour n\u2019a pas besoin d\u2019\u00ab agir \u00bb. <\/p>\n\n\n\n<p>Ainsi, toutes tes actions \u00e9manent de l\u2019\u00eatre aimant, et ces actions sont appropri\u00e9es en fonction de la situation. Tu seras libre de r\u00e9pondre avec rigueur quand la rigueur est n\u00e9cessaire, tu seras libre d\u2019\u00eatre dr\u00f4le ou s\u00e9rieux, de r\u00e9pondre avec ton intellect dans une situation ou avec ton c\u0153ur dans une autre, d\u2019\u00eatre confiant en tes r\u00e9ponses parce qu\u2019elles \u00e9manent de l\u2019\u00eatre aimant.<\/p>\n\n\n\n<p>DD.38<\/p>\n\n\n\n<p>Tu gagneras simplement confiance en \u00e9tant toi-m\u00eame.<\/p>\n","protected":false},"excerpt":{"rendered":"<p>Re\u00e7u par Mari Perron en 2002 Avertissement: Le livre\u00a0Un Cours D\u2019Amour\u00a0est une r\u00e9f\u00e9rence indispensable pour retrouver le contexte et le sens originel de chaque message transmis. Les extraits propos\u00e9s ici sont donc r\u00e9f\u00e9renc\u00e9s de mani\u00e8re \u00e0 pouvoir retrouver facilement le texte dont ils sont issus. Le syst\u00e8me de renvoi utilis\u00e9 est celui recommand\u00e9 \u00e0 la [&hellip;]<\/p>\n","protected":false},"author":1,"featured_media":0,"parent":290,"menu_order":6,"comment_status":"closed","ping_status":"closed","template":"","meta":{"footnotes":""},"_links":{"self":[{"href":"https:\/\/iden3d.com\/spiritualite-appliquee\/wp-json\/wp\/v2\/pages\/722"}],"collection":[{"href":"https:\/\/iden3d.com\/spiritualite-appliquee\/wp-json\/wp\/v2\/pages"}],"about":[{"href":"https:\/\/iden3d.com\/spiritualite-appliquee\/wp-json\/wp\/v2\/types\/page"}],"author":[{"embeddable":true,"href":"https:\/\/iden3d.com\/spiritualite-appliquee\/wp-json\/wp\/v2\/users\/1"}],"replies":[{"embeddable":true,"href":"https:\/\/iden3d.com\/spiritualite-appliquee\/wp-json\/wp\/v2\/comments?post=722"}],"version-history":[{"count":5,"href":"https:\/\/iden3d.com\/spiritualite-appliquee\/wp-json\/wp\/v2\/pages\/722\/revisions"}],"predecessor-version":[{"id":1248,"href":"https:\/\/iden3d.com\/spiritualite-appliquee\/wp-json\/wp\/v2\/pages\/722\/revisions\/1248"}],"up":[{"embeddable":true,"href":"https:\/\/iden3d.com\/spiritualite-appliquee\/wp-json\/wp\/v2\/pages\/290"}],"wp:attachment":[{"href":"https:\/\/iden3d.com\/spiritualite-appliquee\/wp-json\/wp\/v2\/media?parent=722"}],"curies":[{"name":"wp","href":"https:\/\/api.w.org\/{rel}","templated":true}]}}