{"id":816,"date":"2023-01-31T15:59:46","date_gmt":"2023-01-31T14:59:46","guid":{"rendered":"https:\/\/iden3d.com\/ucda\/?page_id=816"},"modified":"2023-04-10T11:20:16","modified_gmt":"2023-04-10T09:20:16","slug":"un-cours-damour","status":"publish","type":"page","link":"https:\/\/iden3d.com\/spiritualite-appliquee\/le-chemin-spirituel\/le-chemin-spirituel-2\/un-cours-damour\/","title":{"rendered":"Un Cours D&rsquo;Amour"},"content":{"rendered":"\n<h2 class=\"wp-block-heading\">R\u00c9SUM\u00c9<\/h2>\n\n\n\n<p>Lien pour se procurer l&rsquo;ouvrage en version papier ou en version num\u00e9rique : <em> <a rel=\"noreferrer noopener\" href=\"https:\/\/livre.fnac.com\/a17560495\/Mari-Perron-Un-Cours-d-Amour\" target=\"_blank\"><span style=\"text-decoration: underline\">Un Cours D&rsquo;Amour<\/span><\/a><\/em><\/p>\n\n\n\n<blockquote class=\"wp-block-quote\"><p>Il existe une voie de connaissance qui peut vous mener au-del\u00e0 de ce que tout autre savoir a pu vous apporter auparavant. Elle peut vous conduire \u00e0 la v\u00e9rit\u00e9 de votre essence r\u00e9elle. C&rsquo;est la voie du c\u0153ur. Un Cours D&rsquo;Amour s&rsquo;adresse au c\u0153ur. De fa\u00e7on remarquable, il contourne le mental. Il utilise la pens\u00e9e pour aller au-del\u00e0 de la pens\u00e9e. Il s&rsquo;av\u00e8re une aide inestimable pour ceux qui aspirent \u00e0 la connaissance du c\u0153ur. Ce Cours est une invitation \u00e0 embrasser une vie ayant un sens et un but, \u00e0 vivre la r\u00e9alit\u00e9 du paradis sur terre. Dans cette \u00e9dition compl\u00e8te, le premier livre \u00e9tablit l&rsquo;int\u00e9grit\u00e9 de l&rsquo;\u00eatre, soit l&rsquo;int\u00e9gration de l&rsquo;esprit et du c\u0153ur. Le second et le troisi\u00e8me livre pr\u00e9sentent des r\u00e9v\u00e9lations pertinentes et procurent un accompagnement sur la qu\u00eate int\u00e9rieure h\u00e9ro\u00efque, sans distance entre vous et votre Soi.<\/p><p><\/p><\/blockquote>\n\n\n\n<h2 class=\"wp-block-heading\">CARACT\u00c9RISTIQUES<\/h2>\n\n\n\n<blockquote class=\"wp-block-quote\"><p>Auteur <a href=\"https:\/\/www.fnac.com\/ia10799178\/Mari-Perron\" target=\"_blank\" rel=\"noreferrer noopener\">Mari Perron<\/a><\/p><p>Editeur: <a href=\"https:\/\/www.fnac.com\/e327529\/Iggybook\" target=\"_blank\" rel=\"noreferrer noopener\">Iggybook<\/a><\/p><p>Date de parution:  20\/12\/2022 <em> (Date de parution de la 1\u00e8re \u00e9dition en fran\u00e7ais :  03\/02\/2017)<\/em><\/p><p>Nombre de pages: 792<\/p><\/blockquote>\n","protected":false},"excerpt":{"rendered":"<p>R\u00c9SUM\u00c9 Lien pour se procurer l&rsquo;ouvrage en version papier ou en version num\u00e9rique : Un Cours D&rsquo;Amour Il existe une voie de connaissance qui peut vous mener au-del\u00e0 de ce que tout autre savoir a pu vous apporter auparavant. Elle peut vous conduire \u00e0 la v\u00e9rit\u00e9 de votre essence r\u00e9elle. C&rsquo;est la voie du c\u0153ur. [&hellip;]<\/p>\n","protected":false},"author":3,"featured_media":0,"parent":1198,"menu_order":1,"comment_status":"closed","ping_status":"closed","template":"","meta":{"footnotes":""},"_links":{"self":[{"href":"https:\/\/iden3d.com\/spiritualite-appliquee\/wp-json\/wp\/v2\/pages\/816"}],"collection":[{"href":"https:\/\/iden3d.com\/spiritualite-appliquee\/wp-json\/wp\/v2\/pages"}],"about":[{"href":"https:\/\/iden3d.com\/spiritualite-appliquee\/wp-json\/wp\/v2\/types\/page"}],"author":[{"embeddable":true,"href":"https:\/\/iden3d.com\/spiritualite-appliquee\/wp-json\/wp\/v2\/users\/3"}],"replies":[{"embeddable":true,"href":"https:\/\/iden3d.com\/spiritualite-appliquee\/wp-json\/wp\/v2\/comments?post=816"}],"version-history":[{"count":8,"href":"https:\/\/iden3d.com\/spiritualite-appliquee\/wp-json\/wp\/v2\/pages\/816\/revisions"}],"predecessor-version":[{"id":1214,"href":"https:\/\/iden3d.com\/spiritualite-appliquee\/wp-json\/wp\/v2\/pages\/816\/revisions\/1214"}],"up":[{"embeddable":true,"href":"https:\/\/iden3d.com\/spiritualite-appliquee\/wp-json\/wp\/v2\/pages\/1198"}],"wp:attachment":[{"href":"https:\/\/iden3d.com\/spiritualite-appliquee\/wp-json\/wp\/v2\/media?parent=816"}],"curies":[{"name":"wp","href":"https:\/\/api.w.org\/{rel}","templated":true}]}}