{"id":824,"date":"2023-01-31T16:16:57","date_gmt":"2023-01-31T15:16:57","guid":{"rendered":"https:\/\/iden3d.com\/ucda\/?page_id=824"},"modified":"2023-04-02T17:11:37","modified_gmt":"2023-04-02T15:11:37","slug":"un-voyage-dans-linconnu","status":"publish","type":"page","link":"https:\/\/iden3d.com\/spiritualite-appliquee\/le-chemin-spirituel\/le-chemin-spirituel-2\/un-voyage-dans-linconnu\/","title":{"rendered":"Un voyage dans l&rsquo;inconnu"},"content":{"rendered":"\n<p>L&rsquo;ouvrage <em>Un voyage dans l&rsquo;inconnu<\/em>  <strong>\u00ab&nbsp;<em>\u00a92020-2021 Richard Curtis Greathouse, A Journey into the Unknown,&nbsp;<a href=\"http:\/\/journeyhub.cocreatingclarity.org\/\" target=\"_blank\" rel=\"noreferrer noopener\">JourneyHub.CoCreatingClarity.org<\/a><\/em>\u00bb<\/strong> est diffus\u00e9 uniquement sur un site internet dont le point d&rsquo;entr\u00e9e est le suivant: <em><a rel=\"noreferrer noopener\" href=\"http:\/\/journeyhub.cocreatingclarity.org\/\" target=\"_blank\">JourneyHub.CoCreatingClarity.org<\/a><\/em> . <\/p>\n\n\n\n<blockquote class=\"wp-block-quote\"><p>\u00ab\u00a0<em>Un voyage dans l&rsquo;inconnu <\/em>nous invite TOUS \u00e0 descendre \u00ab\u00a0de la montagne et sur un sol plat, le sol de la terre, l&rsquo;endroit o\u00f9 vous \u00eates connect\u00e9 et interconnect\u00e9 \u00e0 tout ce qui vit et respire avec vous\u00a0\u00bb. Pour aller hardiment dans le monde tel qu&rsquo;il est en ce moment et \u00e0 travers nos vies d&rsquo;exemple imparfaitement parfaites, rassembler tous nos fr\u00e8res et s\u0153urs.\u00a0\u00bb<\/p><\/blockquote>\n\n\n\n<p>Pour les premi\u00e8ress parties de l\u2019ouvrage il y a des<em><a href=\"http:\/\/journey.cocreatingclarity.org\/francais\" target=\"_blank\" rel=\"noreferrer noopener\"> traductions en fran\u00e7ais<\/a><\/em> :  Pour le reste les traductions en ligne de Google sont suffisamment performantes pour donner une lecture agr\u00e9able.<\/p>\n\n\n\n<blockquote class=\"wp-block-quote\"><p><em>\u00ab\u00a0Ce site Web <a rel=\"noreferrer noopener\" href=\"http:\/\/journeyhub.cocreatingclarity.org\/\" target=\"_blank\">JourneyHub.CoCreatingClarity.org<\/a> est le contenant officiel sacr\u00e9 du mat\u00e9riel original complet re\u00e7u du livre&nbsp;A Journey into the Unknown&nbsp;\u00ab Un Voyage dans l\u2019Inconnu \u00bb, enregistr\u00e9 aupr\u00e8s du Bureau du droit d\u2019auteur de la Biblioth\u00e8que du Congr\u00e8s. Le mat\u00e9riel comprend tous les textes, audio, images et PDF contenus dans ce document, et est offert \u00e0 tous comme une invitation \u00e0 vivre en libert\u00e9 en tant qu\u2019\u00e9nergie de l\u2019amour dans cette forme, sur cette plan\u00e8te, maintenant. Ensemble, comme un organisme vivant qui respire, ces mat\u00e9riaux du message vous bercent de tout c\u0153ur dans une exp\u00e9rience de l\u2019esprit, du corps et de l\u2019\u00e2me.\u00a0\u00bb<\/em><\/p><\/blockquote>\n","protected":false},"excerpt":{"rendered":"<p>L&rsquo;ouvrage Un voyage dans l&rsquo;inconnu \u00ab&nbsp;\u00a92020-2021 Richard Curtis Greathouse, A Journey into the Unknown,&nbsp;JourneyHub.CoCreatingClarity.org\u00bb est diffus\u00e9 uniquement sur un site internet dont le point d&rsquo;entr\u00e9e est le suivant: JourneyHub.CoCreatingClarity.org . \u00ab\u00a0Un voyage dans l&rsquo;inconnu nous invite TOUS \u00e0 descendre \u00ab\u00a0de la montagne et sur un sol plat, le sol de la terre, l&rsquo;endroit o\u00f9 vous [&hellip;]<\/p>\n","protected":false},"author":3,"featured_media":0,"parent":1198,"menu_order":2,"comment_status":"closed","ping_status":"closed","template":"","meta":{"footnotes":""},"_links":{"self":[{"href":"https:\/\/iden3d.com\/spiritualite-appliquee\/wp-json\/wp\/v2\/pages\/824"}],"collection":[{"href":"https:\/\/iden3d.com\/spiritualite-appliquee\/wp-json\/wp\/v2\/pages"}],"about":[{"href":"https:\/\/iden3d.com\/spiritualite-appliquee\/wp-json\/wp\/v2\/types\/page"}],"author":[{"embeddable":true,"href":"https:\/\/iden3d.com\/spiritualite-appliquee\/wp-json\/wp\/v2\/users\/3"}],"replies":[{"embeddable":true,"href":"https:\/\/iden3d.com\/spiritualite-appliquee\/wp-json\/wp\/v2\/comments?post=824"}],"version-history":[{"count":9,"href":"https:\/\/iden3d.com\/spiritualite-appliquee\/wp-json\/wp\/v2\/pages\/824\/revisions"}],"predecessor-version":[{"id":1210,"href":"https:\/\/iden3d.com\/spiritualite-appliquee\/wp-json\/wp\/v2\/pages\/824\/revisions\/1210"}],"up":[{"embeddable":true,"href":"https:\/\/iden3d.com\/spiritualite-appliquee\/wp-json\/wp\/v2\/pages\/1198"}],"wp:attachment":[{"href":"https:\/\/iden3d.com\/spiritualite-appliquee\/wp-json\/wp\/v2\/media?parent=824"}],"curies":[{"name":"wp","href":"https:\/\/api.w.org\/{rel}","templated":true}]}}