{"id":120,"date":"2024-03-31T22:34:12","date_gmt":"2024-03-31T20:34:12","guid":{"rendered":"https:\/\/iden3d.com\/vivre-un-monde-d-amour-v1\/?page_id=120"},"modified":"2024-09-07T16:01:15","modified_gmt":"2024-09-07T14:01:15","slug":"a-propos","status":"publish","type":"page","link":"https:\/\/iden3d.com\/vivre-un-monde-d-amour\/a-propos\/","title":{"rendered":"A propos"},"content":{"rendered":"\n<p>Je me suis longtemps interrog\u00e9 sur le sens de la vie. Pour trouver des r\u00e9ponses \u00e0 cette question existentielle, je me suis d&rsquo;abord tourn\u00e9 vers la philosophie. <\/p>\n\n\n\n<p><\/p>\n\n\n\n<p>Les livres de Luc Ferry m&rsquo;ont beaucoup aid\u00e9 : \u00ab\u00a0L&rsquo;homme-dieu ou le sens de la vie\u00a0\u00bb puis \u00ab\u00a0Apprendre \u00e0 vivre, Trait\u00e9 de philosophie \u00e0 l\u2019usage des jeunes g\u00e9n\u00e9rations\u00a0\u00bb.<\/p>\n\n\n\n<p> Dans ce dernier livre, la question du sens de la vie est trait\u00e9e sous les points de vue de nombreuses \u00e9coles philosophiques. Dans la conclusion, Luc Ferry d\u00e9veloppe l&rsquo;id\u00e9e que  l&rsquo;amour est \u00ab\u00a0la seule r\u00e9ponse plausible \u00e0 la question du sens de la vie\u00a0\u00bb. <\/p>\n\n\n\n<p><\/p>\n\n\n\n<p class=\"has-medium-font-size\">Ces lectures philosophiques ont donc orient\u00e9 mes recherches vers des ouvrages traitant de l&rsquo;amour. J&rsquo;ai ainsi d\u00e9couvert le livre \u00ab\u00a0Un Cours D\u2019Amour\u00a0\u00bb de Mari Perron. Ce livre a confort\u00e9 la pertinence de l&rsquo;amour comme r\u00e9ponse \u00e0 la recherche du bonheur et \u00e0 la question du sens de la vie. <\/p>\n\n\n\n<p><br>Je peux maintenant synth\u00e9tiser le r\u00e9sultat de mes recherches de la mani\u00e8re suivante : le sens de la vie et la direction \u00e0 donner \u00e0 notre vie peuvent \u00eatre valablement trouv\u00e9s dans le projet de vivre un monde d&rsquo;amour, de paix et de joie. C\u2019est-\u00e0-dire dans le projet de vivre en amour pour un monde d&rsquo;amour ou plus pr\u00e9cis\u00e9ment dans la d\u00e9marche suivante : <\/p>\n\n\n\n<p class=\"has-medium-font-size\"><strong><em>Vivre autant que nous le pouvons selon les principes de l&rsquo;amour inconditionnel et participer \u00e0 l&rsquo;\u00e9panouissement de l&rsquo;amour dans notre monde. <\/em><\/strong><\/p>\n\n\n\n<p class=\"has-medium-font-size\"><br>Qu&rsquo;est-ce que cela recouvre? Comment est-ce possible? Comment s&rsquo;y prendre? <\/p>\n\n\n\n<p><\/p>\n\n\n\n<p class=\"has-medium-font-size\"><br>Les livres que j&rsquo;ai cit\u00e9 ci-dessus apportent la plupart des \u00e9l\u00e9ments de r\u00e9ponses.<\/p>\n\n\n\n<p class=\"has-medium-font-size\">Mais les r\u00e9f\u00e9rences philosophiques, religieuses ou spirituelles qu&rsquo;ils utilisent sont des obstacles \u00e0 leur bonne acceptation, compr\u00e9hension et diffusion. <\/p>\n\n\n\n<p class=\"has-medium-font-size\"><br>L&rsquo;objet de ce site est de contourner ces obstacles en apportant les r\u00e9ponses \u00e0 ces questions aussi simplement que possible. J&rsquo;esp\u00e8re contribuer ainsi \u00e0 rendre facilement accessible \u00e0 chacun une vie d&rsquo;amour, de paix et de joie.<\/p>\n\n\n\n<p><\/p>\n\n\n\n<p><br><em>Vivreumda<\/em><\/p>\n","protected":false},"excerpt":{"rendered":"<p>Je me suis longtemps interrog\u00e9 sur le sens de la vie. Pour trouver des r\u00e9ponses \u00e0 cette question existentielle, je me suis d&rsquo;abord tourn\u00e9 vers la philosophie. Les livres de Luc Ferry m&rsquo;ont beaucoup aid\u00e9 : \u00ab\u00a0L&rsquo;homme-dieu ou le sens de la vie\u00a0\u00bb puis \u00ab\u00a0Apprendre \u00e0 vivre, Trait\u00e9 de philosophie \u00e0 l\u2019usage des jeunes g\u00e9n\u00e9rations\u00a0\u00bb. [&hellip;]<\/p>\n","protected":false},"author":25,"featured_media":0,"parent":0,"menu_order":0,"comment_status":"closed","ping_status":"closed","template":"","meta":{"footnotes":""},"_links":{"self":[{"href":"https:\/\/iden3d.com\/vivre-un-monde-d-amour\/wp-json\/wp\/v2\/pages\/120"}],"collection":[{"href":"https:\/\/iden3d.com\/vivre-un-monde-d-amour\/wp-json\/wp\/v2\/pages"}],"about":[{"href":"https:\/\/iden3d.com\/vivre-un-monde-d-amour\/wp-json\/wp\/v2\/types\/page"}],"author":[{"embeddable":true,"href":"https:\/\/iden3d.com\/vivre-un-monde-d-amour\/wp-json\/wp\/v2\/users\/25"}],"replies":[{"embeddable":true,"href":"https:\/\/iden3d.com\/vivre-un-monde-d-amour\/wp-json\/wp\/v2\/comments?post=120"}],"version-history":[{"count":17,"href":"https:\/\/iden3d.com\/vivre-un-monde-d-amour\/wp-json\/wp\/v2\/pages\/120\/revisions"}],"predecessor-version":[{"id":408,"href":"https:\/\/iden3d.com\/vivre-un-monde-d-amour\/wp-json\/wp\/v2\/pages\/120\/revisions\/408"}],"wp:attachment":[{"href":"https:\/\/iden3d.com\/vivre-un-monde-d-amour\/wp-json\/wp\/v2\/media?parent=120"}],"curies":[{"name":"wp","href":"https:\/\/api.w.org\/{rel}","templated":true}]}}